{"id":4524,"date":"2021-04-30T13:40:41","date_gmt":"2021-04-30T13:40:41","guid":{"rendered":"https:\/\/ikifp.edu.pl\/international-grants\/"},"modified":"2026-03-05T08:42:59","modified_gmt":"2026-03-05T08:42:59","slug":"international-grants","status":"publish","type":"page","link":"https:\/\/ikifp.edu.pl\/en\/research\/grants\/international-grants\/","title":{"rendered":"International grants"},"content":{"rendered":"<p>[et_pb_section fb_built=&#8221;1&#8243; module_class=&#8221;sec-top-title&#8221; _builder_version=&#8221;4.9.2&#8243; _module_preset=&#8221;default&#8221;][et_pb_row module_class=&#8221;top-title&#8221; _builder_version=&#8221;4.9.2&#8243; _module_preset=&#8221;default&#8221;][et_pb_column type=&#8221;4_4&#8243; _builder_version=&#8221;4.9.2&#8243; _module_preset=&#8221;default&#8221;][et_pb_text _builder_version=&#8221;4.9.3&#8243; _module_preset=&#8221;default&#8221;]<\/p>\n<h1>International grants<\/h1>\n<p>[\/et_pb_text][\/et_pb_column][\/et_pb_row][\/et_pb_section][et_pb_section fb_built=&#8221;1&#8243; module_id=&#8221;trwajace&#8221; module_class=&#8221;sec-padding-reduction&#8221; _builder_version=&#8221;4.9.3&#8243; _module_preset=&#8221;default&#8221;][et_pb_row module_class=&#8221;sec-title&#8221; _builder_version=&#8221;4.9.2&#8243; _module_preset=&#8221;default&#8221;][et_pb_column type=&#8221;4_4&#8243; _builder_version=&#8221;4.9.2&#8243; _module_preset=&#8221;default&#8221;][et_pb_text module_class=&#8221;tytul-sek&#8221; _builder_version=&#8221;4.9.3&#8243; _module_preset=&#8221;default&#8221;]<\/p>\n<h2>Ongoing projects<\/h2>\n<p>[\/et_pb_text][\/et_pb_column][\/et_pb_row][et_pb_row _builder_version=&#8221;4.9.3&#8243; _module_preset=&#8221;default&#8221;][et_pb_column type=&#8221;4_4&#8243; _builder_version=&#8221;4.9.3&#8243; _module_preset=&#8221;default&#8221;][et_pb_text _builder_version=&#8221;4.9.3&#8243; _module_preset=&#8221;default&#8221;]<\/p>\n<h4>HORIZON 2020<\/h4>\n<p>[\/et_pb_text][et_pb_text _builder_version=&#8221;4.9.3&#8243; _module_preset=&#8221;default&#8221;]<\/p>\n<ul>\n<li>820444 \u2014 ENERGY-X \u2014 H2020-FETFLAG-2018-2020\/H2020-FETFLAG-2018-01 [2019-2020] ENERGY-X Transformative Chemistry for a Sustainable Energy Future &#8211; dr hab. DSc Rutkowska-\u017bbik, prof. IKiFP PAN \/ prof. Ma\u0142gorzata Witko<\/li>\n<li>814624 [2019-2022] CollectionCare Innovative and affordable service for the Preventive Conservation monitoring of individual Cultural Artefacts during display, storage, handling and transport &#8211; dr hab. \u0141ukasz Bratasz, prof. IKiFP PAN<\/li>\n<\/ul>\n<p>[\/et_pb_text][\/et_pb_column][\/et_pb_row][et_pb_row _builder_version=&#8221;4.9.3&#8243; _module_preset=&#8221;default&#8221; locked=&#8221;off&#8221;][et_pb_column type=&#8221;4_4&#8243; _builder_version=&#8221;4.9.3&#8243; _module_preset=&#8221;default&#8221;][et_pb_text _builder_version=&#8221;4.9.3&#8243; _module_preset=&#8221;default&#8221;]<\/p>\n<h4>COST<\/h4>\n<p>[\/et_pb_text][et_pb_text _builder_version=&#8221;4.9.3&#8243; _module_preset=&#8221;default&#8221;]<\/p>\n<ul>\n<li>CA15124 NewBIAS [2016-2020] A new network of European Bioimage Analyst to Advance Life Science Imaging \u2013 dr M. Krzan<\/li>\n<li>CA18234 [2019-2023] Computational materials sciences for efficient water splitting with nanocrystals from abundant elements h &#8211; prof. DSc M. Witko<\/li>\n<\/ul>\n<p>[\/et_pb_text][\/et_pb_column][\/et_pb_row][et_pb_row _builder_version=&#8221;4.9.3&#8243; _module_preset=&#8221;default&#8221; locked=&#8221;off&#8221;][et_pb_column type=&#8221;4_4&#8243; _builder_version=&#8221;4.9.3&#8243; _module_preset=&#8221;default&#8221;][et_pb_text _builder_version=&#8221;4.9.3&#8243; _module_preset=&#8221;default&#8221;]<\/p>\n<h4>NORWEGIAN RESEARCH COUNCIL<\/h4>\n<p>[\/et_pb_text][et_pb_text _builder_version=&#8221;4.9.3&#8243; _module_preset=&#8221;default&#8221;]<\/p>\n<ul>\n<li>NRC 274749 SyMBoL [2018-2021] Sustainable Management of heritage Buildings in a Long-term Perspective \u2013 prof. R. Koz\u0142owski<\/li>\n<\/ul>\n<p>[\/et_pb_text][\/et_pb_column][\/et_pb_row][et_pb_row _builder_version=&#8221;4.9.3&#8243; _module_preset=&#8221;default&#8221; locked=&#8221;off&#8221;][et_pb_column type=&#8221;4_4&#8243; _builder_version=&#8221;4.9.3&#8243; _module_preset=&#8221;default&#8221;][et_pb_text _builder_version=&#8221;4.9.3&#8243; _module_preset=&#8221;default&#8221;]<\/p>\n<h4>BILATERAL COOPERATION PAS<\/h4>\n<p>[\/et_pb_text][et_pb_text _builder_version=&#8221;4.9.3&#8243; _module_preset=&#8221;default&#8221;]<\/p>\n<ul>\n<li>[2017-2019] Biocompatible Particle-Stabilized Foams and Emulsions as Carriers for Healing Agents [projekt wsp\u00f3\u0142pracy PAN-CNR] \u2013 dr M. Krzan<\/li>\n<li>[2017-2019] Role of interfacial properties in dynamics of bubbles and drops [projekt wsp\u00f3\u0142pracy PAN-CAN] &#8211; dr hab. J. Zawa\u0142a, prof. IKiFP PAN<\/li>\n<li>[2018-2020 Synthesis of Novel Organic-Inorganic Hybrid Materials to Use as Catalysts for Fine Organic Synthesis [projekt wsp\u00f3\u0142pracy PAN-NANU] &#8211; prof. E. Serwicka-Bahranowska<\/li>\n<li>[2019-2021] Biocompatibile foams and emulsions stabilized by natural surfactants and particles for bio-medical applications [projekt wsp\u00f3\u0142pracy PAN-CNR] &#8211; dr M. Krzan<\/li>\n<\/ul>\n<p>[\/et_pb_text][\/et_pb_column][\/et_pb_row][et_pb_row _builder_version=&#8221;4.9.3&#8243; _module_preset=&#8221;default&#8221; locked=&#8221;off&#8221;][et_pb_column type=&#8221;4_4&#8243; _builder_version=&#8221;4.9.3&#8243; _module_preset=&#8221;default&#8221;][et_pb_text _builder_version=&#8221;4.9.3&#8243; _module_preset=&#8221;default&#8221;]<\/p>\n<h4>NAWA (Polish National Agency for Academic Exchange)<\/h4>\n<p>[\/et_pb_text][et_pb_text _builder_version=&#8221;4.9.3&#8243; _module_preset=&#8221;default&#8221;]<\/p>\n<h5>POLISH RETURNS<\/h5>\n<ul>\n<li>PPN\/PPO\/2018\/1\/00004 CRAQELURE [2018-2022] \u2013 dr hab. \u0141. Bratasz, prof. IKiFP PA<\/li>\n<\/ul>\n<p>[\/et_pb_text][et_pb_text _builder_version=&#8221;4.9.3&#8243; _module_preset=&#8221;default&#8221; locked=&#8221;off&#8221;]<\/p>\n<h5>International scholarship exchange of PhD candidates and academic staff<\/h5>\n<ul>\n<li>PPI\/PRO\/2019\/1\/00021\/U\/00001 &#8211; PROM [2018-2020] Mi\u0119dzynarodowa wymiana stypendialna doktorant\u00f3w i kadry akademickiej \u2013 prof. T. Borowski<\/li>\n<\/ul>\n<p>[\/et_pb_text][et_pb_text _builder_version=&#8221;4.9.3&#8243; _module_preset=&#8221;default&#8221; locked=&#8221;off&#8221;]<\/p>\n<h5>Exchange programme for students and scientists as part of bilateral cooperation<\/h5>\n<ul>\n<li>PPN\/BIL\/2018\/1\/00093 Niemcy [2019-2020] \u2013 Smart liquid\/gas interfaces with photo-switchable surfactants (Smart air-water interfaces with photo-switchable surfactants and their role on the stabilization of responsive foam) \u2013 dr M. Krzan<\/li>\n<li>PPN\/BIL\/2018\/1\/00069 Czechy [2019-2020] \u2013 Methane selective oxidation to methanol of over metallozeolites catalysts \u2013 dr hab. DSc Rutkowska-\u017bbik, prof. IKiFP PAN<\/li>\n<li>PPN\/BIL\/2018\/1\/00103 Niemcy [2019-2020] &#8211; Understanding molecular aspects of the protein misfolding process: in situ spectroscopic and microscopic studies &#8211; dr hab. B. Jachimska prof. IKiFP PAN<\/li>\n<\/ul>\n<p>[\/et_pb_text][et_pb_text _builder_version=&#8221;4.9.3&#8243; _module_preset=&#8221;default&#8221; locked=&#8221;off&#8221;]<\/p>\n<h5>Bekkers program<\/h5>\n<ul>\n<li>[2020-2022] Interactions between bacterial liposaccharides and an \u201cX\u201d shaped peptide oligomer at interfaces: The X-factor in antimicrobial strategy?\u201d &#8211; PhD M. W\u0142odek<\/li>\n<\/ul>\n<p>[\/et_pb_text][\/et_pb_column][\/et_pb_row][et_pb_row _builder_version=&#8221;4.9.3&#8243; _module_preset=&#8221;default&#8221; locked=&#8221;off&#8221;][et_pb_column type=&#8221;4_4&#8243; _builder_version=&#8221;4.9.3&#8243; _module_preset=&#8221;default&#8221;][et_pb_text _builder_version=&#8221;4.9.3&#8243; _module_preset=&#8221;default&#8221;]<\/p>\n<h4>NATIONAL CENTRE FOR RESEARCH AND DEVELOPMENT<\/h4>\n<p>[\/et_pb_text][et_pb_text _builder_version=&#8221;4.9.3&#8243; _module_preset=&#8221;default&#8221;]<\/p>\n<ul>\n<li>EIG-CONCERT JAPAN\/1\/2019 [2019-2022] Outperforming functionality: composite\/mixed matrix porous materials in membrane-based processes (X-MEM) &#8211; Sc. D. A. Pacu\u0142a<\/li>\n<\/ul>\n<p>[\/et_pb_text][\/et_pb_column][\/et_pb_row][\/et_pb_section][et_pb_section fb_built=&#8221;1&#8243; module_id=&#8221;zakonczone&#8221; module_class=&#8221;sec-bot-padding-reduction&#8221; _builder_version=&#8221;4.9.3&#8243; _module_preset=&#8221;default&#8221;][et_pb_row module_class=&#8221;sec-title&#8221; _builder_version=&#8221;4.9.2&#8243; _module_preset=&#8221;default&#8221;][et_pb_column type=&#8221;4_4&#8243; _builder_version=&#8221;4.9.2&#8243; _module_preset=&#8221;default&#8221;][et_pb_text module_class=&#8221;tytul-sek&#8221; _builder_version=&#8221;4.9.3&#8243; _module_preset=&#8221;default&#8221;]<\/p>\n<h2>Completed Grants<\/h2>\n<p>[\/et_pb_text][\/et_pb_column][\/et_pb_row][et_pb_row _builder_version=&#8221;4.9.3&#8243; _module_preset=&#8221;default&#8221;][et_pb_column type=&#8221;4_4&#8243; _builder_version=&#8221;4.9.3&#8243; _module_preset=&#8221;default&#8221;][et_pb_text _builder_version=&#8221;4.9.3&#8243; _module_preset=&#8221;default&#8221;]<\/p>\n<h4>COST<\/h4>\n<p>[\/et_pb_text][et_pb_text _builder_version=&#8221;4.9.3&#8243; _module_preset=&#8221;default&#8221;]<\/p>\n<ul>\n<li class=\"bodytext\">EC COST CM1101 [2012-2016] Colloidal Aspects of Nanoscience for Innovative Processes and Materials &#8211; prof. P. Warszy\u0144ski coordination<\/li>\n<li class=\"bodytext\">C COST CM1305 [2014-2018] ECOSTBio Explicit Control Over Spin-states in Technology and Biochemistry &#8211; prof. E. Broc\u0142awik<\/li>\n<li class=\"bodytext\">EC COST CM1203 [2012-2016] PoCheMoN Polyoxometalate Chemistry for Molecular Nanoscience &#8211; prof. B. Sulikowski<\/li>\n<li class=\"bodytext\">SGI Smart and Green Interfaces &#8211; from Single Bubbles and Drops to Industrial, Environmental and Biomedical Applications &#8211; prof. K. Ma\u0142ysa<\/li>\n<\/ul>\n<p>[\/et_pb_text][\/et_pb_column][\/et_pb_row][\/et_pb_section]<\/p>\n","protected":false},"excerpt":{"rendered":"<p>[et_pb_section fb_built=&#8221;1&#8243; module_class=&#8221;sec-top-title&#8221; _builder_version=&#8221;4.9.2&#8243; _module_preset=&#8221;default&#8221;][et_pb_row module_class=&#8221;top-title&#8221; _builder_version=&#8221;4.9.2&#8243; _module_preset=&#8221;default&#8221;][et_pb_column type=&#8221;4_4&#8243; _builder_version=&#8221;4.9.2&#8243; _module_preset=&#8221;default&#8221;][et_pb_text _builder_version=&#8221;4.9.3&#8243; _module_preset=&#8221;default&#8221;] International grants [\/et_pb_text][\/et_pb_column][\/et_pb_row][\/et_pb_section][et_pb_section fb_built=&#8221;1&#8243; module_id=&#8221;trwajace&#8221; module_class=&#8221;sec-padding-reduction&#8221; _builder_version=&#8221;4.9.3&#8243; _module_preset=&#8221;default&#8221;][et_pb_row module_class=&#8221;sec-title&#8221; _builder_version=&#8221;4.9.2&#8243; _module_preset=&#8221;default&#8221;][et_pb_column type=&#8221;4_4&#8243; _builder_version=&#8221;4.9.2&#8243; _module_preset=&#8221;default&#8221;][et_pb_text module_class=&#8221;tytul-sek&#8221; _builder_version=&#8221;4.9.3&#8243; _module_preset=&#8221;default&#8221;] Ongoing projects [\/et_pb_text][\/et_pb_column][\/et_pb_row][et_pb_row _builder_version=&#8221;4.9.3&#8243; _module_preset=&#8221;default&#8221;][et_pb_column type=&#8221;4_4&#8243; _builder_version=&#8221;4.9.3&#8243; _module_preset=&#8221;default&#8221;][et_pb_text _builder_version=&#8221;4.9.3&#8243; _module_preset=&#8221;default&#8221;] HORIZON 2020 [\/et_pb_text][et_pb_text _builder_version=&#8221;4.9.3&#8243; _module_preset=&#8221;default&#8221;] 820444 \u2014 ENERGY-X \u2014 H2020-FETFLAG-2018-2020\/H2020-FETFLAG-2018-01 [2019-2020] ENERGY-X Transformative Chemistry for [&hellip;]<\/p>\n","protected":false},"author":6,"featured_media":0,"parent":5156,"menu_order":0,"comment_status":"closed","ping_status":"closed","template":"template-grupa-pojedyncza-badawcza.php","meta":{"_et_pb_use_builder":"off","_et_pb_old_content":"","_et_gb_content_width":""},"acf":[],"yoast_head":"<!-- This site is optimized with the Yoast SEO plugin v17.9 - https:\/\/yoast.com\/wordpress\/plugins\/seo\/ -->\n<title>International grants - IKiFP PAN<\/title>\n<meta name=\"robots\" content=\"index, follow, max-snippet:-1, max-image-preview:large, max-video-preview:-1\" \/>\n<link rel=\"canonical\" href=\"https:\/\/ikifp.edu.pl\/en\/research\/grants\/international-grants\/\" \/>\n<meta property=\"og:locale\" content=\"en_US\" \/>\n<meta property=\"og:type\" content=\"article\" \/>\n<meta property=\"og:title\" content=\"International grants - IKiFP PAN\" \/>\n<meta property=\"og:description\" content=\"[et_pb_section fb_built=&#8221;1&#8243; module_class=&#8221;sec-top-title&#8221; _builder_version=&#8221;4.9.2&#8243; _module_preset=&#8221;default&#8221;][et_pb_row module_class=&#8221;top-title&#8221; _builder_version=&#8221;4.9.2&#8243; _module_preset=&#8221;default&#8221;][et_pb_column type=&#8221;4_4&#8243; _builder_version=&#8221;4.9.2&#8243; _module_preset=&#8221;default&#8221;][et_pb_text _builder_version=&#8221;4.9.3&#8243; _module_preset=&#8221;default&#8221;] International grants [\/et_pb_text][\/et_pb_column][\/et_pb_row][\/et_pb_section][et_pb_section fb_built=&#8221;1&#8243; module_id=&#8221;trwajace&#8221; module_class=&#8221;sec-padding-reduction&#8221; _builder_version=&#8221;4.9.3&#8243; _module_preset=&#8221;default&#8221;][et_pb_row module_class=&#8221;sec-title&#8221; _builder_version=&#8221;4.9.2&#8243; _module_preset=&#8221;default&#8221;][et_pb_column type=&#8221;4_4&#8243; _builder_version=&#8221;4.9.2&#8243; _module_preset=&#8221;default&#8221;][et_pb_text module_class=&#8221;tytul-sek&#8221; _builder_version=&#8221;4.9.3&#8243; _module_preset=&#8221;default&#8221;] Ongoing projects [\/et_pb_text][\/et_pb_column][\/et_pb_row][et_pb_row _builder_version=&#8221;4.9.3&#8243; _module_preset=&#8221;default&#8221;][et_pb_column type=&#8221;4_4&#8243; _builder_version=&#8221;4.9.3&#8243; _module_preset=&#8221;default&#8221;][et_pb_text _builder_version=&#8221;4.9.3&#8243; _module_preset=&#8221;default&#8221;] HORIZON 2020 [\/et_pb_text][et_pb_text _builder_version=&#8221;4.9.3&#8243; _module_preset=&#8221;default&#8221;] 820444 \u2014 ENERGY-X \u2014 H2020-FETFLAG-2018-2020\/H2020-FETFLAG-2018-01 [2019-2020] ENERGY-X Transformative Chemistry for [&hellip;]\" \/>\n<meta property=\"og:url\" content=\"https:\/\/ikifp.edu.pl\/en\/research\/grants\/international-grants\/\" \/>\n<meta property=\"og:site_name\" content=\"IKiFP PAN\" \/>\n<meta property=\"article:modified_time\" content=\"2026-03-05T08:42:59+00:00\" \/>\n<meta name=\"twitter:card\" content=\"summary_large_image\" \/>\n<meta name=\"twitter:label1\" content=\"Est. reading time\" \/>\n\t<meta name=\"twitter:data1\" content=\"5 minutes\" \/>\n<script type=\"application\/ld+json\" class=\"yoast-schema-graph\">{\"@context\":\"https:\/\/schema.org\",\"@graph\":[{\"@type\":\"WebSite\",\"@id\":\"https:\/\/ikifp.edu.pl\/#website\",\"url\":\"https:\/\/ikifp.edu.pl\/\",\"name\":\"IKiFP PAN\",\"description\":\"\",\"potentialAction\":[{\"@type\":\"SearchAction\",\"target\":{\"@type\":\"EntryPoint\",\"urlTemplate\":\"https:\/\/ikifp.edu.pl\/?s={search_term_string}\"},\"query-input\":\"required name=search_term_string\"}],\"inLanguage\":\"en-US\"},{\"@type\":\"WebPage\",\"@id\":\"https:\/\/ikifp.edu.pl\/en\/research\/grants\/international-grants\/#webpage\",\"url\":\"https:\/\/ikifp.edu.pl\/en\/research\/grants\/international-grants\/\",\"name\":\"International grants - IKiFP PAN\",\"isPartOf\":{\"@id\":\"https:\/\/ikifp.edu.pl\/#website\"},\"datePublished\":\"2021-04-30T13:40:41+00:00\",\"dateModified\":\"2026-03-05T08:42:59+00:00\",\"breadcrumb\":{\"@id\":\"https:\/\/ikifp.edu.pl\/en\/research\/grants\/international-grants\/#breadcrumb\"},\"inLanguage\":\"en-US\",\"potentialAction\":[{\"@type\":\"ReadAction\",\"target\":[\"https:\/\/ikifp.edu.pl\/en\/research\/grants\/international-grants\/\"]}]},{\"@type\":\"BreadcrumbList\",\"@id\":\"https:\/\/ikifp.edu.pl\/en\/research\/grants\/international-grants\/#breadcrumb\",\"itemListElement\":[{\"@type\":\"ListItem\",\"position\":1,\"name\":\"Strona g\\u0142\\u00f3wna\",\"item\":\"https:\/\/ikifp.edu.pl\/en\/\"},{\"@type\":\"ListItem\",\"position\":2,\"name\":\"Research\",\"item\":\"https:\/\/ikifp.edu.pl\/en\/research\/\"},{\"@type\":\"ListItem\",\"position\":3,\"name\":\"Grants\",\"item\":\"https:\/\/ikifp.edu.pl\/en\/research\/grants\/\"},{\"@type\":\"ListItem\",\"position\":4,\"name\":\"International grants\"}]}]}<\/script>\n<!-- \/ Yoast SEO plugin. -->","yoast_head_json":{"title":"International grants - IKiFP PAN","robots":{"index":"index","follow":"follow","max-snippet":"max-snippet:-1","max-image-preview":"max-image-preview:large","max-video-preview":"max-video-preview:-1"},"canonical":"https:\/\/ikifp.edu.pl\/en\/research\/grants\/international-grants\/","og_locale":"en_US","og_type":"article","og_title":"International grants - IKiFP PAN","og_description":"[et_pb_section fb_built=&#8221;1&#8243; module_class=&#8221;sec-top-title&#8221; _builder_version=&#8221;4.9.2&#8243; _module_preset=&#8221;default&#8221;][et_pb_row module_class=&#8221;top-title&#8221; _builder_version=&#8221;4.9.2&#8243; _module_preset=&#8221;default&#8221;][et_pb_column type=&#8221;4_4&#8243; _builder_version=&#8221;4.9.2&#8243; _module_preset=&#8221;default&#8221;][et_pb_text _builder_version=&#8221;4.9.3&#8243; _module_preset=&#8221;default&#8221;] International grants [\/et_pb_text][\/et_pb_column][\/et_pb_row][\/et_pb_section][et_pb_section fb_built=&#8221;1&#8243; module_id=&#8221;trwajace&#8221; module_class=&#8221;sec-padding-reduction&#8221; _builder_version=&#8221;4.9.3&#8243; _module_preset=&#8221;default&#8221;][et_pb_row module_class=&#8221;sec-title&#8221; _builder_version=&#8221;4.9.2&#8243; _module_preset=&#8221;default&#8221;][et_pb_column type=&#8221;4_4&#8243; _builder_version=&#8221;4.9.2&#8243; _module_preset=&#8221;default&#8221;][et_pb_text module_class=&#8221;tytul-sek&#8221; _builder_version=&#8221;4.9.3&#8243; _module_preset=&#8221;default&#8221;] Ongoing projects [\/et_pb_text][\/et_pb_column][\/et_pb_row][et_pb_row _builder_version=&#8221;4.9.3&#8243; _module_preset=&#8221;default&#8221;][et_pb_column type=&#8221;4_4&#8243; _builder_version=&#8221;4.9.3&#8243; _module_preset=&#8221;default&#8221;][et_pb_text _builder_version=&#8221;4.9.3&#8243; _module_preset=&#8221;default&#8221;] HORIZON 2020 [\/et_pb_text][et_pb_text _builder_version=&#8221;4.9.3&#8243; _module_preset=&#8221;default&#8221;] 820444 \u2014 ENERGY-X \u2014 H2020-FETFLAG-2018-2020\/H2020-FETFLAG-2018-01 [2019-2020] ENERGY-X Transformative Chemistry for [&hellip;]","og_url":"https:\/\/ikifp.edu.pl\/en\/research\/grants\/international-grants\/","og_site_name":"IKiFP PAN","article_modified_time":"2026-03-05T08:42:59+00:00","twitter_card":"summary_large_image","twitter_misc":{"Est. reading time":"5 minutes"},"schema":{"@context":"https:\/\/schema.org","@graph":[{"@type":"WebSite","@id":"https:\/\/ikifp.edu.pl\/#website","url":"https:\/\/ikifp.edu.pl\/","name":"IKiFP PAN","description":"","potentialAction":[{"@type":"SearchAction","target":{"@type":"EntryPoint","urlTemplate":"https:\/\/ikifp.edu.pl\/?s={search_term_string}"},"query-input":"required name=search_term_string"}],"inLanguage":"en-US"},{"@type":"WebPage","@id":"https:\/\/ikifp.edu.pl\/en\/research\/grants\/international-grants\/#webpage","url":"https:\/\/ikifp.edu.pl\/en\/research\/grants\/international-grants\/","name":"International grants - IKiFP PAN","isPartOf":{"@id":"https:\/\/ikifp.edu.pl\/#website"},"datePublished":"2021-04-30T13:40:41+00:00","dateModified":"2026-03-05T08:42:59+00:00","breadcrumb":{"@id":"https:\/\/ikifp.edu.pl\/en\/research\/grants\/international-grants\/#breadcrumb"},"inLanguage":"en-US","potentialAction":[{"@type":"ReadAction","target":["https:\/\/ikifp.edu.pl\/en\/research\/grants\/international-grants\/"]}]},{"@type":"BreadcrumbList","@id":"https:\/\/ikifp.edu.pl\/en\/research\/grants\/international-grants\/#breadcrumb","itemListElement":[{"@type":"ListItem","position":1,"name":"Strona g\u0142\u00f3wna","item":"https:\/\/ikifp.edu.pl\/en\/"},{"@type":"ListItem","position":2,"name":"Research","item":"https:\/\/ikifp.edu.pl\/en\/research\/"},{"@type":"ListItem","position":3,"name":"Grants","item":"https:\/\/ikifp.edu.pl\/en\/research\/grants\/"},{"@type":"ListItem","position":4,"name":"International grants"}]}]}},"_links":{"self":[{"href":"https:\/\/ikifp.edu.pl\/en\/wp-json\/wp\/v2\/pages\/4524"}],"collection":[{"href":"https:\/\/ikifp.edu.pl\/en\/wp-json\/wp\/v2\/pages"}],"about":[{"href":"https:\/\/ikifp.edu.pl\/en\/wp-json\/wp\/v2\/types\/page"}],"author":[{"embeddable":true,"href":"https:\/\/ikifp.edu.pl\/en\/wp-json\/wp\/v2\/users\/6"}],"replies":[{"embeddable":true,"href":"https:\/\/ikifp.edu.pl\/en\/wp-json\/wp\/v2\/comments?post=4524"}],"version-history":[{"count":10,"href":"https:\/\/ikifp.edu.pl\/en\/wp-json\/wp\/v2\/pages\/4524\/revisions"}],"predecessor-version":[{"id":9937,"href":"https:\/\/ikifp.edu.pl\/en\/wp-json\/wp\/v2\/pages\/4524\/revisions\/9937"}],"up":[{"embeddable":true,"href":"https:\/\/ikifp.edu.pl\/en\/wp-json\/wp\/v2\/pages\/5156"}],"wp:attachment":[{"href":"https:\/\/ikifp.edu.pl\/en\/wp-json\/wp\/v2\/media?parent=4524"}],"curies":[{"name":"wp","href":"https:\/\/api.w.org\/{rel}","templated":true}]}}