{"id":4771,"date":"2021-04-01T08:57:40","date_gmt":"2021-04-01T08:57:40","guid":{"rendered":"https:\/\/ikifp.edu.pl\/scientific-board\/"},"modified":"2025-11-19T10:35:37","modified_gmt":"2025-11-19T10:35:37","slug":"scientific-board","status":"publish","type":"page","link":"https:\/\/ikifp.edu.pl\/en\/institute\/scientific-board\/","title":{"rendered":"Scientific Board"},"content":{"rendered":"<p>[et_pb_section fb_built=&#8221;1&#8243; module_class=&#8221;sec-top-title&#8221; _builder_version=&#8221;4.9.2&#8243; _module_preset=&#8221;default&#8221; global_colors_info=&#8221;{}&#8221;][et_pb_row module_class=&#8221;top-title&#8221; _builder_version=&#8221;4.9.2&#8243; _module_preset=&#8221;default&#8221; global_colors_info=&#8221;{}&#8221;][et_pb_column type=&#8221;4_4&#8243; _builder_version=&#8221;4.9.2&#8243; _module_preset=&#8221;default&#8221; global_colors_info=&#8221;{}&#8221;][et_pb_text _builder_version=&#8221;4.10.5&#8243; _module_preset=&#8221;default&#8221; global_colors_info=&#8221;{}&#8221;]<\/p>\n<h1>Scientific Council<\/h1>\n<p>[\/et_pb_text][\/et_pb_column][\/et_pb_row][\/et_pb_section][et_pb_section fb_built=&#8221;1&#8243; _builder_version=&#8221;4.9.6&#8243; _module_preset=&#8221;default&#8221; global_colors_info=&#8221;{}&#8221;][et_pb_row _builder_version=&#8221;4.9.6&#8243; _module_preset=&#8221;default&#8221; global_colors_info=&#8221;{}&#8221;][et_pb_column type=&#8221;4_4&#8243; _builder_version=&#8221;4.9.6&#8243; _module_preset=&#8221;default&#8221; global_colors_info=&#8221;{}&#8221;][et_pb_text _builder_version=&#8221;4.14.6&#8243; _module_preset=&#8221;default&#8221; global_colors_info=&#8221;{}&#8221;]<\/p>\n<h2>Presidium of the Scientific Council<\/h2>\n<p>[\/et_pb_text][et_pb_text _builder_version=&#8221;4.10.5&#8243; _module_preset=&#8221;default&#8221; global_colors_info=&#8221;{}&#8221;]<\/p>\n<table class=\"lista_pracownikow\" style=\"height: 144px; width: 100%;\" border=\"0\">\n<tbody>\n<tr style=\"height: 24px;\">\n<td style=\"height: 24px; width: 50%;\">Prof. Robert Nowakowski &#8211; chairman of the\u00a0 Scientific Council<\/td>\n<td style=\"height: 24px; width: 50%;\">Institute of Physical Chemistry PAS<\/td>\n<\/tr>\n<tr style=\"height: 24px;\">\n<td style=\"height: 24px; width: 50%;\">Prof. Tomasz Borowski &#8211; deputy<\/td>\n<td style=\"height: 24px; width: 50%;\">Jerzy Haber Institute of Catalysis and Surface Chemistry PAS<\/td>\n<\/tr>\n<tr style=\"height: 24px;\">\n<td style=\"height: 24px; width: 50%;\">Prof. Barbara Jachimska &#8211; deputy<\/td>\n<td style=\"height: 24px; width: 50%;\">Jerzy Haber Institute of Catalysis and Surface Chemistry PAS<\/td>\n<\/tr>\n<tr style=\"height: 24px;\">\n<td style=\"height: 24px; width: 50%;\">Prof. Nika Spiridis &#8211; secretary<\/td>\n<td style=\"height: 24px; width: 50%;\">Jerzy Haber Institute of Catalysis and Surface Chemistry PAS<\/td>\n<\/tr>\n<tr style=\"height: 24px;\">\n<td style=\"height: 24px; width: 50%;\">Prof. Piotr Warszy\u0144ski &#8211; director of ICSC PAS<\/td>\n<td style=\"height: 24px; width: 50%;\">Jerzy Haber Institute of Catalysis and Surface Chemistry PAS<\/td>\n<\/tr>\n<tr style=\"height: 24px;\">\n<td style=\"height: 24px; width: 50%;\">Prof. Jan Zawa\u0142a &#8211; deputy Director for Research<\/td>\n<td style=\"height: 24px; width: 50%;\">Jerzy Haber Institute of Catalysis and Surface Chemistry PAS<\/td>\n<\/tr>\n<\/tbody>\n<\/table>\n<p>[\/et_pb_text][\/et_pb_column][\/et_pb_row][et_pb_row _builder_version=&#8221;4.9.6&#8243; _module_preset=&#8221;default&#8221; global_colors_info=&#8221;{}&#8221;][et_pb_column type=&#8221;4_4&#8243; _builder_version=&#8221;4.9.6&#8243; _module_preset=&#8221;default&#8221; global_colors_info=&#8221;{}&#8221;][et_pb_text _builder_version=&#8221;4.10.5&#8243; _module_preset=&#8221;default&#8221; global_colors_info=&#8221;{}&#8221;]<\/p>\n<h2>Members of Polish Academy of Sciences and people elected to the Scientific Council<\/h2>\n<p>[\/et_pb_text][et_pb_text _builder_version=&#8221;4.14.6&#8243; _module_preset=&#8221;default&#8221; global_colors_info=&#8221;{}&#8221;]<\/p>\n<table class=\"lista_pracownikow\" style=\"width: 100%;\">\n<tbody>\n<tr>\n<td>Prof. Ewa Gudowska-Nowak<\/td>\n<td>Faculty of Physics, Astronomy and Applied Computer Sciences, Jagiellonian University in Krak\u00f3w<\/td>\n<\/tr>\n<tr>\n<td>Prof. Andrzej Horzela<\/td>\n<td>Institute of Nuclear Physics PAS, Krak\u00f3w<\/td>\n<\/tr>\n<tr>\n<td>Prof. Janusz Igras<\/td>\n<td>New Chemical Syntheses Institute, Pu\u0142awy<\/td>\n<\/tr>\n<tr>\n<td>Prof. Andrzej Kotarba<\/td>\n<td>Faculty of Chemistry, Jagiellonian University in Krak\u00f3w<\/td>\n<\/tr>\n<tr>\n<td>Prof. Pawe\u0142 Kulesza<\/td>\n<td>Faculty of Chemistry, University of Warsaw<\/td>\n<\/tr>\n<tr>\n<td>Prof. Jerzy Lis<\/td>\n<td>Faculty of Materials Science and Ceramics, AGH Krak\u00f3w<\/td>\n<\/tr>\n<tr>\n<td>Prof. Mieczys\u0142aw \u0141apkowski<\/td>\n<td>Faculty of Chemistry, Silesian University of Technology<\/td>\n<\/tr>\n<tr>\n<td>Piotr Michorczyk, Associate Professor<\/td>\n<td>Faculty of Chemical Engineering and Technology, Cracow University of Technology<\/td>\n<\/tr>\n<tr>\n<td>Prof. Robert Nowakowski &#8211; chairman of the Scientific Council<\/td>\n<td>Institute of Physical Chemistry PAS, Warsaw<\/td>\n<\/tr>\n<tr>\n<td>Prof. Marek Potrzebowski<\/td>\n<td>Centre of Molecular and Macromolecular Studies PAS, \u0141\u00f3d\u017a<\/td>\n<\/tr>\n<tr>\n<td>Prof. Tomasz Sosnowski<\/td>\n<td>Faculty of Chemical and Process Engineering, Warsaw University of Technology<\/td>\n<\/tr>\n<tr>\n<td>Prof. Gra\u017cyna Stochel<\/td>\n<td>Faculty of Chemistry, Jagiellonian University in Krak\u00f3w<\/td>\n<\/tr>\n<tr>\n<td>Barbara Wagner, Associate Professor<\/td>\n<td>Faculty of Chemistry, University of Warsaw<\/td>\n<\/tr>\n<tr>\n<td>Prof. Ma\u0142gorzata Witko<\/td>\n<td>Jerzy Haber Institute of Catalysis and Surface Chemistry PAS, Krak\u00f3w<\/td>\n<\/tr>\n<tr>\n<td>Prof. Pawe\u0142 Zi\u0119ba<\/td>\n<td>Institute of Metallurgy and Material Science PAS, Krak\u00f3w<\/td>\n<\/tr>\n<\/tbody>\n<\/table>\n<p>[\/et_pb_text][\/et_pb_column][\/et_pb_row][et_pb_row _builder_version=&#8221;4.9.6&#8243; _module_preset=&#8221;default&#8221; global_colors_info=&#8221;{}&#8221;][et_pb_column type=&#8221;4_4&#8243; _builder_version=&#8221;4.9.6&#8243; _module_preset=&#8221;default&#8221; global_colors_info=&#8221;{}&#8221;][et_pb_text _builder_version=&#8221;4.10.5&#8243; _module_preset=&#8221;default&#8221; global_colors_info=&#8221;{}&#8221;]<\/p>\n<h2>Representatives of the Academy Consortium &#8220;Interdisciplinary Center for Physical, Chemical and Medical Sciences&#8221;<\/h2>\n<p>[\/et_pb_text][et_pb_text _builder_version=&#8221;4.10.5&#8243; _module_preset=&#8221;default&#8221; global_colors_info=&#8221;{}&#8221;]<\/p>\n<p>&nbsp;<\/p>\n<table class=\"lista_pracownikow\" style=\"width: 100%; height: 48px;\">\n<tbody>\n<tr style=\"height: 24px;\">\n<td style=\"width: 50%; height: 24px;\">Prof. Ma\u0142gorzata Filip<\/td>\n<td style=\"width: 50%; height: 24px;\">Institute of Pharmacology PAS, Krak\u00f3w<\/td>\n<\/tr>\n<tr style=\"height: 24px;\">\n<td style=\"width: 50%; height: 24px;\">Prof. Tadeusz Lesiak<\/td>\n<td style=\"width: 50%; height: 24px;\">Institute of Nuclear Physics PAS, Krak\u00f3w<\/td>\n<\/tr>\n<\/tbody>\n<\/table>\n<p>[\/et_pb_text][\/et_pb_column][\/et_pb_row][et_pb_row _builder_version=&#8221;4.9.6&#8243; _module_preset=&#8221;default&#8221; global_colors_info=&#8221;{}&#8221;][et_pb_column type=&#8221;4_4&#8243; _builder_version=&#8221;4.9.6&#8243; _module_preset=&#8221;default&#8221; global_colors_info=&#8221;{}&#8221;][et_pb_text _builder_version=&#8221;4.14.6&#8243; _module_preset=&#8221;default&#8221; locked=&#8221;off&#8221; global_colors_info=&#8221;{}&#8221;]<\/p>\n<h2>Elected representatives of Senior Researchers from ICSC PAS<\/h2>\n<p>[\/et_pb_text][\/et_pb_column][\/et_pb_row][et_pb_row column_structure=&#8221;1_3,1_3,1_3&#8243; use_custom_gutter=&#8221;on&#8221; gutter_width=&#8221;2&#8243; _builder_version=&#8221;4.9.6&#8243; _module_preset=&#8221;default&#8221; custom_padding=&#8221;0px||||false|false&#8221; global_colors_info=&#8221;{}&#8221;][et_pb_column type=&#8221;1_3&#8243; _builder_version=&#8221;4.9.6&#8243; _module_preset=&#8221;default&#8221; global_colors_info=&#8221;{}&#8221;][et_pb_text _builder_version=&#8221;4.14.6&#8243; _module_preset=&#8221;default&#8221; text_line_height=&#8221;1em&#8221; hover_enabled=&#8221;0&#8243; global_colors_info=&#8221;{}&#8221; sticky_enabled=&#8221;0&#8243;]<\/p>\n<p>Prof. Piotr Warszy\u0144ski<\/p>\n<p>Prof. Jan Zawa\u0142a<\/p>\n<p>Renata Tokarz- Sobieraj, Associate Professor<\/p>\n<p>Jakub Barbasz, Associate Professor<\/p>\n<p>Piotr Batys, Associate Professor<\/p>\n<p>Prof. Tomasz Borowski<\/p>\n<p>&nbsp;<\/p>\n<p>[\/et_pb_text][\/et_pb_column][et_pb_column type=&#8221;1_3&#8243; _builder_version=&#8221;4.9.6&#8243; _module_preset=&#8221;default&#8221; global_colors_info=&#8221;{}&#8221;][et_pb_text _builder_version=&#8221;4.14.6&#8243; _module_preset=&#8221;default&#8221; text_line_height=&#8221;1em&#8221; hover_enabled=&#8221;0&#8243; global_colors_info=&#8221;{}&#8221; sticky_enabled=&#8221;0&#8243;]<\/p>\n<p>Prof. \u0141ukasz Bratasz<\/p>\n<p>Prof. Maciej Guzik<\/p>\n<p>Prof. Barbara Jachimska<\/p>\n<p>Marta Kolasi\u0144ska- Sojka, DSc<\/p>\n<p>Magdalena O\u0107wieja, Associate Professor<\/p>\n<p>Anna Pajor-\u015awierzy, PhD<\/p>\n<p>&nbsp;<\/p>\n<p>[\/et_pb_text][\/et_pb_column][et_pb_column type=&#8221;1_3&#8243; _builder_version=&#8221;4.9.6&#8243; _module_preset=&#8221;default&#8221; global_colors_info=&#8221;{}&#8221;][et_pb_text _builder_version=&#8221;4.14.6&#8243; _module_preset=&#8221;default&#8221; text_line_height=&#8221;1em&#8221; global_colors_info=&#8221;{}&#8221;]<\/p>\n<p>Prof. Tomasz Pa\u0144czyk<\/p>\n<p>Prof. Wojciech P\u0142azi\u0144ski<\/p>\n<p>Dorota Rutkowska-\u017bbik, Associate Professor<\/p>\n<p>Prof. Nika Spiridis<\/p>\n<p>Prof. Maciej Szaleniec<\/p>\n<p>Krzysztof Szczepanowicz, Associate Professor<\/p>\n<p>&nbsp;<\/p>\n<p>[\/et_pb_text][\/et_pb_column][\/et_pb_row][et_pb_row _builder_version=&#8221;4.9.6&#8243; _module_preset=&#8221;default&#8221; global_colors_info=&#8221;{}&#8221;][et_pb_column type=&#8221;4_4&#8243; _builder_version=&#8221;4.9.6&#8243; _module_preset=&#8221;default&#8221; global_colors_info=&#8221;{}&#8221;][et_pb_text _builder_version=&#8221;4.14.6&#8243; _module_preset=&#8221;default&#8221; text_line_height=&#8221;1em&#8221; custom_margin=&#8221;0px||0px||false|false&#8221; custom_padding=&#8221;0px||0px||false|false&#8221; locked=&#8221;off&#8221; global_colors_info=&#8221;{}&#8221;]<\/p>\n<h2>Elected representative of PhD Researchers From ICSC PAS<\/h2>\n<p>[\/et_pb_text][et_pb_text _builder_version=&#8221;4.14.6&#8243; _module_preset=&#8221;default&#8221; text_line_height=&#8221;1em&#8221; custom_margin=&#8221;0px||0px||false|false&#8221; global_colors_info=&#8221;{}&#8221;]<\/p>\n<p>Anna Pajor-\u015awierzy, PhD<\/p>\n<p>Marcin Strojecki, PhD<\/p>\n<p>[\/et_pb_text][\/et_pb_column][\/et_pb_row][et_pb_row _builder_version=&#8221;4.9.6&#8243; _module_preset=&#8221;default&#8221; global_colors_info=&#8221;{}&#8221;][et_pb_column type=&#8221;4_4&#8243; _builder_version=&#8221;4.9.6&#8243; _module_preset=&#8221;default&#8221; global_colors_info=&#8221;{}&#8221;][et_pb_text _builder_version=&#8221;4.14.6&#8243; _module_preset=&#8221;default&#8221; text_line_height=&#8221;1em&#8221; custom_margin=&#8221;0px||0px||false|false&#8221; custom_padding=&#8221;0px||0px||false|false&#8221; locked=&#8221;off&#8221; global_colors_info=&#8221;{}&#8221;]<\/p>\n<h2>Elected representative of PhD students<\/h2>\n<p>[\/et_pb_text][et_pb_text _builder_version=&#8221;4.14.6&#8243; _module_preset=&#8221;default&#8221; text_line_height=&#8221;1em&#8221; custom_margin=&#8221;0px||0px||false|false&#8221; global_colors_info=&#8221;{}&#8221;]<\/p>\n<p>Piotr Smole\u0144, MSc, Eng.<\/p>\n<p>[\/et_pb_text][\/et_pb_column][\/et_pb_row][et_pb_row _builder_version=&#8221;4.9.6&#8243; _module_preset=&#8221;default&#8221; global_colors_info=&#8221;{}&#8221;][et_pb_column type=&#8221;4_4&#8243; _builder_version=&#8221;4.9.6&#8243; _module_preset=&#8221;default&#8221; global_colors_info=&#8221;{}&#8221;][et_pb_text _builder_version=&#8221;4.14.6&#8243; _module_preset=&#8221;default&#8221; locked=&#8221;off&#8221; global_colors_info=&#8221;{}&#8221;]<\/p>\n<h2>PERMANENT COMMITTEES OF THE SCIENTIFIC COUNCIL<\/h2>\n<p>[\/et_pb_text][\/et_pb_column][\/et_pb_row][et_pb_row column_structure=&#8221;1_3,1_3,1_3&#8243; use_custom_gutter=&#8221;on&#8221; gutter_width=&#8221;2&#8243; _builder_version=&#8221;4.9.6&#8243; _module_preset=&#8221;default&#8221; custom_padding=&#8221;0px||||false|false&#8221; global_colors_info=&#8221;{}&#8221;][et_pb_column type=&#8221;1_3&#8243; _builder_version=&#8221;4.9.6&#8243; _module_preset=&#8221;default&#8221; global_colors_info=&#8221;{}&#8221;][et_pb_blurb title=&#8221;Committee for Employment of the Scientific Staff&#8221; _builder_version=&#8221;4.14.6&#8243; _module_preset=&#8221;default&#8221; body_line_height=&#8221;1em&#8221; hover_enabled=&#8221;0&#8243; global_colors_info=&#8221;{}&#8221; sticky_enabled=&#8221;0&#8243;]<\/p>\n<p class=\"bodytext\">Dorota Rutkowska-\u017bbik, Associate Professor &#8211; chairwoman<\/p>\n<p class=\"bodytext\">Prof. Tomasz Borowski<\/p>\n<p class=\"bodytext\">Prof. Maciej Guzik<\/p>\n<p class=\"bodytext\">Magdalena O\u0107wieja, Associate Professor<\/p>\n<p class=\"bodytext\">Prof. Wojciech P\u0142azi\u0144ski<\/p>\n<p class=\"bodytext\">Krzysztof Szczepanowicz, Associate Professor<\/p>\n<p class=\"bodytext\">Prof. Jan Zawa\u0142a<\/p>\n<p>[\/et_pb_blurb][\/et_pb_column][et_pb_column type=&#8221;1_3&#8243; _builder_version=&#8221;4.9.6&#8243; _module_preset=&#8221;default&#8221; global_colors_info=&#8221;{}&#8221;][et_pb_blurb title=&#8221;Committee for Evaluation, Awards and Promotion of the Scientific Staff&#8221; _builder_version=&#8221;4.14.6&#8243; _module_preset=&#8221;default&#8221; body_line_height=&#8221;1em&#8221; locked=&#8221;off&#8221; global_colors_info=&#8221;{}&#8221;]<\/p>\n<p class=\"bodytext\">Prof. Tomasz Borowski &#8211; chairman<\/p>\n<p class=\"bodytext\">Prof. Barbara Jachimska<\/p>\n<p class=\"bodytext\">Prof. \u0141ukasz Bratasz<\/p>\n<p class=\"bodytext\">Prof. Tomasz Pa\u0144czyk<\/p>\n<p class=\"bodytext\">Prof. Nika Spiridis<\/p>\n<p class=\"bodytext\">Prof. Maciej Szaleniec<\/p>\n<p class=\"bodytext\">Prof. Jan Zawa\u0142a<\/p>\n<p>[\/et_pb_blurb][\/et_pb_column][et_pb_column type=&#8221;1_3&#8243; _builder_version=&#8221;4.9.6&#8243; _module_preset=&#8221;default&#8221; global_colors_info=&#8221;{}&#8221;][et_pb_blurb title=&#8221;Committee for PhD studies and Doctoral Schools&#8221; _builder_version=&#8221;4.14.6&#8243; _module_preset=&#8221;default&#8221; body_line_height=&#8221;1em&#8221; locked=&#8221;off&#8221; global_colors_info=&#8221;{}&#8221;]<\/p>\n<p class=\"bodytext\">Prof. Barbara Jachimska &#8211; chairwoman<\/p>\n<p class=\"bodytext\">Jakub Barbasz, Associate Professor<\/p>\n<p class=\"bodytext\">Prof. \u0141ukasz Bratasz<\/p>\n<p class=\"bodytext\">Prof. Andrzej Horzela<\/p>\n<p class=\"bodytext\">Marta kolasi\u0144ska-Sojka, DSc<\/p>\n<p class=\"bodytext\">Prof. Wojciech P\u0142azi\u0144ski<\/p>\n<p class=\"bodytext\"><span>Piotr Smole\u0144, MSc, Eng.<\/span><\/p>\n<p class=\"bodytext\">Renata Tokarz-Sobieraj, Associate Professor<\/p>\n<p class=\"bodytext\">[\/et_pb_blurb][\/et_pb_column][\/et_pb_row][et_pb_row _builder_version=&#8221;4.9.6&#8243; _module_preset=&#8221;default&#8221; locked=&#8221;off&#8221; global_colors_info=&#8221;{}&#8221;][et_pb_column type=&#8221;4_4&#8243; _builder_version=&#8221;4.9.6&#8243; _module_preset=&#8221;default&#8221; global_colors_info=&#8221;{}&#8221;][et_pb_text _builder_version=&#8221;4.14.6&#8243; _module_preset=&#8221;default&#8221; locked=&#8221;off&#8221; global_colors_info=&#8221;{}&#8221;]<\/p>\n<h2>Regulations of the Scientific Council (in Polish)<\/h2>\n<p>[\/et_pb_text][et_pb_text _builder_version=&#8221;4.9.6&#8243; _module_preset=&#8221;default&#8221; global_colors_info=&#8221;{}&#8221;]<\/p>\n<p><a href=\"\/wp-content\/uploads\/2021\/04\/Regulamin-Rady-Naukowej_14-maja-2020.pdf\">Regulamin Rady Naukowej z dnia 14.05.2020 [pdf]<\/a><\/p>\n<p>[\/et_pb_text][\/et_pb_column][\/et_pb_row][\/et_pb_section]<\/p>\n","protected":false},"excerpt":{"rendered":"<p>Scientific CouncilPresidium of the Scientific Council Prof. Robert Nowakowski &#8211; chairman of the\u00a0 Scientific Council Institute of Physical Chemistry PAS Prof. Tomasz Borowski &#8211; deputy Jerzy Haber Institute of Catalysis and Surface Chemistry PAS Prof. Barbara Jachimska &#8211; deputy Jerzy Haber Institute of Catalysis and Surface Chemistry PAS Prof. Nika Spiridis &#8211; secretary Jerzy Haber [&hellip;]<\/p>\n","protected":false},"author":6,"featured_media":0,"parent":4899,"menu_order":0,"comment_status":"closed","ping_status":"closed","template":"","meta":{"_et_pb_use_builder":"on","_et_pb_old_content":"","_et_gb_content_width":""},"acf":[],"yoast_head":"<!-- This site is optimized with the Yoast SEO plugin v17.9 - https:\/\/yoast.com\/wordpress\/plugins\/seo\/ -->\n<title>Scientific Board - IKiFP PAN<\/title>\n<meta name=\"robots\" content=\"index, follow, max-snippet:-1, max-image-preview:large, max-video-preview:-1\" \/>\n<link rel=\"canonical\" href=\"https:\/\/ikifp.edu.pl\/en\/institute\/scientific-board\/\" \/>\n<meta property=\"og:locale\" content=\"en_US\" \/>\n<meta property=\"og:type\" content=\"article\" \/>\n<meta property=\"og:title\" content=\"Scientific Board - IKiFP PAN\" \/>\n<meta property=\"og:description\" content=\"Scientific CouncilPresidium of the Scientific Council Prof. Robert Nowakowski - chairman of the\u00a0 Scientific Council Institute of Physical Chemistry PAS Prof. Tomasz Borowski - deputy Jerzy Haber Institute of Catalysis and Surface Chemistry PAS Prof. Barbara Jachimska - deputy Jerzy Haber Institute of Catalysis and Surface Chemistry PAS Prof. Nika Spiridis - secretary Jerzy Haber [&hellip;]\" \/>\n<meta property=\"og:url\" content=\"https:\/\/ikifp.edu.pl\/en\/institute\/scientific-board\/\" \/>\n<meta property=\"og:site_name\" content=\"IKiFP PAN\" \/>\n<meta property=\"article:modified_time\" content=\"2025-11-19T10:35:37+00:00\" \/>\n<meta name=\"twitter:card\" content=\"summary_large_image\" \/>\n<meta name=\"twitter:label1\" content=\"Est. reading time\" \/>\n\t<meta name=\"twitter:data1\" content=\"7 minutes\" \/>\n<script type=\"application\/ld+json\" class=\"yoast-schema-graph\">{\"@context\":\"https:\/\/schema.org\",\"@graph\":[{\"@type\":\"WebSite\",\"@id\":\"https:\/\/ikifp.edu.pl\/#website\",\"url\":\"https:\/\/ikifp.edu.pl\/\",\"name\":\"IKiFP PAN\",\"description\":\"\",\"potentialAction\":[{\"@type\":\"SearchAction\",\"target\":{\"@type\":\"EntryPoint\",\"urlTemplate\":\"https:\/\/ikifp.edu.pl\/?s={search_term_string}\"},\"query-input\":\"required name=search_term_string\"}],\"inLanguage\":\"en-US\"},{\"@type\":\"WebPage\",\"@id\":\"https:\/\/ikifp.edu.pl\/en\/institute\/scientific-board\/#webpage\",\"url\":\"https:\/\/ikifp.edu.pl\/en\/institute\/scientific-board\/\",\"name\":\"Scientific Board - IKiFP PAN\",\"isPartOf\":{\"@id\":\"https:\/\/ikifp.edu.pl\/#website\"},\"datePublished\":\"2021-04-01T08:57:40+00:00\",\"dateModified\":\"2025-11-19T10:35:37+00:00\",\"breadcrumb\":{\"@id\":\"https:\/\/ikifp.edu.pl\/en\/institute\/scientific-board\/#breadcrumb\"},\"inLanguage\":\"en-US\",\"potentialAction\":[{\"@type\":\"ReadAction\",\"target\":[\"https:\/\/ikifp.edu.pl\/en\/institute\/scientific-board\/\"]}]},{\"@type\":\"BreadcrumbList\",\"@id\":\"https:\/\/ikifp.edu.pl\/en\/institute\/scientific-board\/#breadcrumb\",\"itemListElement\":[{\"@type\":\"ListItem\",\"position\":1,\"name\":\"Strona g\\u0142\\u00f3wna\",\"item\":\"https:\/\/ikifp.edu.pl\/en\/\"},{\"@type\":\"ListItem\",\"position\":2,\"name\":\"Institute\",\"item\":\"https:\/\/ikifp.edu.pl\/en\/institute\/\"},{\"@type\":\"ListItem\",\"position\":3,\"name\":\"Scientific Board\"}]}]}<\/script>\n<!-- \/ Yoast SEO plugin. -->","yoast_head_json":{"title":"Scientific Board - IKiFP PAN","robots":{"index":"index","follow":"follow","max-snippet":"max-snippet:-1","max-image-preview":"max-image-preview:large","max-video-preview":"max-video-preview:-1"},"canonical":"https:\/\/ikifp.edu.pl\/en\/institute\/scientific-board\/","og_locale":"en_US","og_type":"article","og_title":"Scientific Board - IKiFP PAN","og_description":"Scientific CouncilPresidium of the Scientific Council Prof. Robert Nowakowski - chairman of the\u00a0 Scientific Council Institute of Physical Chemistry PAS Prof. Tomasz Borowski - deputy Jerzy Haber Institute of Catalysis and Surface Chemistry PAS Prof. Barbara Jachimska - deputy Jerzy Haber Institute of Catalysis and Surface Chemistry PAS Prof. Nika Spiridis - secretary Jerzy Haber [&hellip;]","og_url":"https:\/\/ikifp.edu.pl\/en\/institute\/scientific-board\/","og_site_name":"IKiFP PAN","article_modified_time":"2025-11-19T10:35:37+00:00","twitter_card":"summary_large_image","twitter_misc":{"Est. reading time":"7 minutes"},"schema":{"@context":"https:\/\/schema.org","@graph":[{"@type":"WebSite","@id":"https:\/\/ikifp.edu.pl\/#website","url":"https:\/\/ikifp.edu.pl\/","name":"IKiFP PAN","description":"","potentialAction":[{"@type":"SearchAction","target":{"@type":"EntryPoint","urlTemplate":"https:\/\/ikifp.edu.pl\/?s={search_term_string}"},"query-input":"required name=search_term_string"}],"inLanguage":"en-US"},{"@type":"WebPage","@id":"https:\/\/ikifp.edu.pl\/en\/institute\/scientific-board\/#webpage","url":"https:\/\/ikifp.edu.pl\/en\/institute\/scientific-board\/","name":"Scientific Board - IKiFP PAN","isPartOf":{"@id":"https:\/\/ikifp.edu.pl\/#website"},"datePublished":"2021-04-01T08:57:40+00:00","dateModified":"2025-11-19T10:35:37+00:00","breadcrumb":{"@id":"https:\/\/ikifp.edu.pl\/en\/institute\/scientific-board\/#breadcrumb"},"inLanguage":"en-US","potentialAction":[{"@type":"ReadAction","target":["https:\/\/ikifp.edu.pl\/en\/institute\/scientific-board\/"]}]},{"@type":"BreadcrumbList","@id":"https:\/\/ikifp.edu.pl\/en\/institute\/scientific-board\/#breadcrumb","itemListElement":[{"@type":"ListItem","position":1,"name":"Strona g\u0142\u00f3wna","item":"https:\/\/ikifp.edu.pl\/en\/"},{"@type":"ListItem","position":2,"name":"Institute","item":"https:\/\/ikifp.edu.pl\/en\/institute\/"},{"@type":"ListItem","position":3,"name":"Scientific Board"}]}]}},"_links":{"self":[{"href":"https:\/\/ikifp.edu.pl\/en\/wp-json\/wp\/v2\/pages\/4771"}],"collection":[{"href":"https:\/\/ikifp.edu.pl\/en\/wp-json\/wp\/v2\/pages"}],"about":[{"href":"https:\/\/ikifp.edu.pl\/en\/wp-json\/wp\/v2\/types\/page"}],"author":[{"embeddable":true,"href":"https:\/\/ikifp.edu.pl\/en\/wp-json\/wp\/v2\/users\/6"}],"replies":[{"embeddable":true,"href":"https:\/\/ikifp.edu.pl\/en\/wp-json\/wp\/v2\/comments?post=4771"}],"version-history":[{"count":42,"href":"https:\/\/ikifp.edu.pl\/en\/wp-json\/wp\/v2\/pages\/4771\/revisions"}],"predecessor-version":[{"id":16626,"href":"https:\/\/ikifp.edu.pl\/en\/wp-json\/wp\/v2\/pages\/4771\/revisions\/16626"}],"up":[{"embeddable":true,"href":"https:\/\/ikifp.edu.pl\/en\/wp-json\/wp\/v2\/pages\/4899"}],"wp:attachment":[{"href":"https:\/\/ikifp.edu.pl\/en\/wp-json\/wp\/v2\/media?parent=4771"}],"curies":[{"name":"wp","href":"https:\/\/api.w.org\/{rel}","templated":true}]}}