{"id":5046,"date":"2021-05-06T15:18:13","date_gmt":"2021-05-06T15:18:13","guid":{"rendered":"https:\/\/ikifp.edu.pl\/cooperation-2\/services\/"},"modified":"2024-05-23T10:18:32","modified_gmt":"2024-05-23T10:18:32","slug":"services","status":"publish","type":"page","link":"https:\/\/ikifp.edu.pl\/en\/cooperation\/services\/","title":{"rendered":"Services"},"content":{"rendered":"<p>[et_pb_section fb_built=&#8221;1&#8243; module_class=&#8221;sec-top-title&#8221; _builder_version=&#8221;4.9.2&#8243; _module_preset=&#8221;default&#8221; global_colors_info=&#8221;{}&#8221;][et_pb_row module_class=&#8221;top-title&#8221; _builder_version=&#8221;4.9.2&#8243; _module_preset=&#8221;default&#8221; global_colors_info=&#8221;{}&#8221;][et_pb_column type=&#8221;4_4&#8243; _builder_version=&#8221;4.9.2&#8243; _module_preset=&#8221;default&#8221; global_colors_info=&#8221;{}&#8221;][et_pb_text _builder_version=&#8221;4.14.6&#8243; _module_preset=&#8221;default&#8221; global_colors_info=&#8221;{}&#8221;]<\/p>\n<h1><strong>Services<\/strong><\/h1>\n<h3><strong>Commercial Services at ICSC PAS <\/strong><\/h3>\n<p>The Jerzy Haber Institute of Catalysis and Surface Chemistry, Polish Academy of Sciences, provides services as part of external contracts, in cooperation with the scientific community and industrial partners in Poland and abroad.<\/p>\n<p>We offer comprehensive, professional services including consultations and analysis of samples provided by external partners, as well as detailed and exhaustive interpretation of the results obtained. The prices for each of the services listed below should be agreed upon with the heads of the respective laboratories (they will depend on the number of samples, the scope of research, and the interpretation of the results). Each study concludes with the preparation of a report, which is delivered along with the results to the commissioning party.<\/p>\n<p>We warmly invite you to cooperate with us!<\/p>\n<p>&nbsp;<\/p>\n<h3><strong><a href=\"https:\/\/ikifp.edu.pl\/en\/structure\/laboratories\/bioprocess-development-laboratory\/\">Laboratory of Bioprocess Development<\/a> \/ <a href=\"https:\/\/ikifp.edu.pl\/en\/structure\/research-groups\/theoretical-and-experimental-biocatalysis\/\">Research Group on Theoretical and Experimental Biocatalysis<\/a><\/strong><\/h3>\n<p>Services and research conducted in the Laboratory include:<\/p>\n<ul>\n<li>HPLC-MS\/MS analyses<\/li>\n<li>Protein purification<\/li>\n<li>Bioprocess development \u2013 bacterial and yeast fermentations (substrate\/strain interaction; application of advanced modeling methods in process parameterization). We offer commercial services using biorefinery facilities (e.g., development of microbiological processes from screening studies to optimization and scaling of bioprocesses up to 200L)<\/li>\n<li>Cell studies \u2013 we conduct studies using mammalian cells to evaluate materials\/compounds with potential medical applications:\n<ul>\n<li>Cytotoxicity testing of materials\/compounds\/formulations<\/li>\n<li>Cell-material interaction studies<\/li>\n<li>Imaging of cell structures in interaction with materials\/compounds\/formulations<\/li>\n<\/ul>\n<\/li>\n<\/ul>\n<p><strong><a href=\"https:\/\/ikifp.edu.pl\/en\/user\/maciej+guzik\/\">Dr. hab. Maciej Guzik, Assoc. Prof.<\/a> \/ <a href=\"https:\/\/ikifp.edu.pl\/en\/user\/tomasz+borowski\/\">Prof. Dr. hab. Tomasz Borowski<\/a><\/strong><\/p>\n<p>&nbsp;<\/p>\n<h3><a href=\"https:\/\/ikifp.edu.pl\/en\/structure\/laboratories\/laboratory-of-atomic-force-microscopy\/\"><strong>Laboratory of Atomic Force Microscopy<\/strong><\/a><\/h3>\n<p>Services and research conducted in the Laboratory include:<\/p>\n<ul>\n<li>Surface topography determination (AFM)<\/li>\n<\/ul>\n<p>We also have the capability to measure:<\/p>\n<ul>\n<li>Zeta potential<\/li>\n<li>Nanoparticle size (DLS \u2013 dynamic light scattering)<\/li>\n<li>Electrophoretic mobility (Malvern instruments)<\/li>\n<li>Viscosity and density of liquids<\/li>\n<\/ul>\n<p><strong><a href=\"https:\/\/ikifp.edu.pl\/en\/user\/jakub+barbasz\/\">Dr. hab. Jakub Barbasz, Assoc. Prof.<\/a><\/strong><\/p>\n<p>&nbsp;<\/p>\n<h3><a href=\"https:\/\/ikifp.edu.pl\/en\/structure\/laboratories\/nanotechnology-laboratory\/\"><strong>Laboratory of Nanotechnology<\/strong><\/a><\/h3>\n<p>Services and research conducted in the Nanotechnology Laboratory include:<\/p>\n<ul>\n<li>Synthesis of polymer nanoparticles 50-200nm (hydrophobic polymers including PCL, PLA, etc.)<\/li>\n<li>Synthesis of silver nanoparticles (d&lt;10nm)<\/li>\n<li>Synthesis of core\/shell metallic nanoparticles, e.g., Nickel\/Silver (60, 100, 250, 400 nm)<\/li>\n<li>Physicochemical characterization of micro\/nanoparticles:\n<ul>\n<li>Size measurements (hydrodynamic diameter) of micro\/nanoparticles (DLS, NTA)<\/li>\n<li>Concentration measurements of nanoparticle suspensions (NTA)<\/li>\n<li>Zeta potential measurements (LDV)<\/li>\n<li>Spectrofluorimetric measurements of samples (volume\/surface)<\/li>\n<\/ul>\n<\/li>\n<li>Spectrophotometric characterization of samples (UV-Vis)<\/li>\n<li>Characterization of the conductive properties of nanomaterials\/coatings (four-electrode method)<\/li>\n<li>Corrosion studies (corrosion chambers: salt spray tests, acidic salt spray tests, filamentary corrosion), Machu test<\/li>\n<\/ul>\n<p><strong><a href=\"https:\/\/ikifp.edu.pl\/en\/user\/krzysztof+szczepanowicz\/\">Dr. hab. Krzysztof Szczepanowicz, Assoc. Prof.<\/a><\/strong><\/p>\n<p>&nbsp;<\/p>\n<h3><a href=\"https:\/\/ikifp.edu.pl\/en\/structure\/laboratories\/laboratory-of-scanning-electron-microscopy\/\"><strong>Laboratory of Scanning Electron Microscopy<\/strong><\/a><\/h3>\n<p>Services provided in the SEM Laboratory include:<\/p>\n<ul>\n<li>Imaging of material surface morphology (secondary electrons, SE)<\/li>\n<li>Imaging with chemical composition contrast (backscattered electrons, BSE)<\/li>\n<li>Imaging of samples using a thin layer of material (transmitted electrons, TE)<\/li>\n<li>Microarea chemical composition analysis (characteristic X-ray radiation). We thoroughly analyze the elemental composition of the examined objects at the microscale. We offer various analysis techniques such as point analysis, selected area analysis, frame analysis, line scan, and element mapping on a selected area.<\/li>\n<\/ul>\n<p>We analyze a wide range of samples, including advanced engineering products, archaeological artifacts, natural raw materials, and biological samples.<\/p>\n<p><strong><a href=\"https:\/\/ikifp.edu.pl\/en\/user\/dorota+duraczynska\/\">Dr. Dorota Duraczy\u0144ska<\/a> \/ <a href=\"https:\/\/ikifp.edu.pl\/en\/user\/malgorzata+zimowska\/\">Dr. hab. Ma\u0142gorzata Zimowska<\/a><\/strong><\/p>\n<p>&nbsp;<\/p>\n<h3><a href=\"https:\/\/ikifp.edu.pl\/en\/structure\/laboratories\/xrd-and-thermoanalysis-laboratory\/\"><strong>Laboratory of X-ray Diffraction and Thermal Analysis<\/strong><\/a><\/h3>\n<p>Services provided in the X-ray diffraction and thermal analysis laboratory include:<\/p>\n<ul>\n<li>Qualitative and quantitative phase analysis \u2013 powder X-ray diffraction method (XRPD)<\/li>\n<li>Determination of adsorption isotherms \u2013 specific surface area and pore distribution measurements (BET)<\/li>\n<li>Thermal analysis TG\/DSC<\/li>\n<li>Investigation of hydrogenation reactions over a wide range of pressures<\/li>\n<\/ul>\n<p><strong><a href=\"https:\/\/ikifp.edu.pl\/en\/user\/wieslaw+lasocha\/\">Prof. Dr. hab. Wies\u0142aw \u0141asocha<\/a><\/strong><\/p>\n<p>&nbsp;<\/p>\n<h3><a href=\"https:\/\/ikifp.edu.pl\/en\/structure\/research-groups\/surface-nanostructures\/\"><strong>Laboratory of Surfaces and Nanostructures<\/strong><\/a><\/h3>\n<p>Services provided in the Laboratory include:<\/p>\n<ul>\n<li>Elemental composition analysis of the surface layer of provided samples using a broad energy range survey spectrum 0-1100 eV<\/li>\n<li>High-resolution spectra for elements present on analyzed surfaces (for surface concentrations no less than 0.1 % at.)<\/li>\n<li>Analysis and interpretation of high-resolution spectra highlighting present chemical bonds and determining the oxidation states of analyzed elements<\/li>\n<\/ul>\n<p><strong><a href=\"https:\/\/ikifp.edu.pl\/en\/user\/nika+spiridis\/\">Prof. Dr. hab. Nika Spiridis<\/a><\/strong><\/p>\n<p>&nbsp;<\/p>\n<h3><a href=\"https:\/\/sites.google.com\/view\/corrosion-krakow\/home\"><strong>Laboratory of Electrochemistry and Corrosion Studies<\/strong><\/a><\/h3>\n<p>Services undertaken in the Laboratory include:<\/p>\n<ul>\n<li>Assessment of corrosion damage: visual inspection determining the quantity, intensity, and size of damage and changes in coating appearance<\/li>\n<li>Tests of protective layers according to standards: PN-EN ISO 3210; PN-EN ISO 2360; PN-EN ISO 2143 and QUALANOD recommendations<\/li>\n<li>Non-destructive coating thickness measurements using magnetic induction and eddy current methods or optical methods<\/li>\n<li>Salt spray tests conducted according to the &#8220;ISO 9227:2017 Corrosion tests in artificial atmospheres \u2013 Salt spray tests&#8221; standard, or according to customer guidelines. Tests can be performed under neutral and acidic conditions.<\/li>\n<li>Rapid corrosion test (Machu test) and tests compliant with Qualicoat standard. These tests evaluate the resistance of paint coating systems to atmospheric conditions, pigment fading, coating hazing, and gloss loss. A 24-hour test duration corresponds to 500 hours in the salt spray chamber. A 48-hour test duration corresponds to 1000 hours in the salt spray chamber.<\/li>\n<li>Thermostated electrochemical measurements (thermostated electrochemical cells, temperature range \u201310\u00b0C \u2013 97\u00b0C) and long-term in vitro biodegradation tests (thermostated chamber, temperature range 20\u00b0C\u201370\u00b0C)<\/li>\n<li>Classical oxidation and microarc oxidation (MAO) or plasma electrolytic oxidation (PEO), cathodic deposition of metals\/alloys\/composites. Thermostated anodizing is available (thermostated electrochemical cells, temperature range \u201310\u00b0C\u201397\u00b0C).<\/li>\n<li>Elemental composition analysis (XRF): solid samples, powder samples, liquid samples. Measurements under vacuum, gas flow (nitrogen, argon), and ambient conditions. Quantitative and qualitative composition analysis.<\/li>\n<\/ul>\n<p><strong><a href=\"https:\/\/ikifp.edu.pl\/en\/user\/grzegorz+mordarski\/\">Dr. Eng. Grzegorz Mordarski<\/a><\/strong><\/p>\n<p>&nbsp;<\/p>\n<h3><a href=\"https:\/\/ikifp.edu.pl\/struktura\/laboratoria\/laboratorium-mikroskopii-i-elipsometrii\/\"><strong>Laboratory of Microscopy and Ellipsometry<\/strong><\/a><\/h3>\n<p>Services provided in the Laboratory, depending on the type of apparatus used, include:<\/p>\n<ul>\n<li><strong>Confocal Microscope LSM 780<\/strong>\n<ul>\n<li>Imaging of fluorescent samples, including 3D imaging (biological materials \u2013 tissue and cell structures, bacteria, non-biological materials \u2013 emulsions, foams, nanoparticles, gels)<\/li>\n<li>Imaging of autofluorescent materials<\/li>\n<li>Live-cell and tissue sample imaging in controlled environmental conditions: temperature, humidity, CO2, and O2 levels<\/li>\n<li>Spectral imaging and advanced separation of overlapping emission spectra<\/li>\n<li>Determining nanoparticle mobility in fluorescent samples by photobleaching \u2013 Fluorescence Recovery After Photobleaching (FRAP)<\/li>\n<li>Determining nanoparticle diffusion coefficient by Fluorescence Correlation Spectroscopy (FCS)<\/li>\n<li>Recording interactions between molecules by F\u00f6rster Resonance Energy Transfer (FRET)<\/li>\n<li>Fluorescence Lifetime Imaging<\/li>\n<\/ul>\n<\/li>\n<li><strong>Optical Microscope Leica DM400-M<\/strong>\n<ul>\n<li>Examination of rock, mineral, ore, and textile morphology<\/li>\n<li>Observation of biological samples, cell and tissue structures<\/li>\n<li>Study of liquid crystals \u2013 phase change observations, determination of phase transition temperatures<\/li>\n<\/ul>\n<\/li>\n<li><strong>IR Microscope Nicolet iN10 and IR Spectrophotometer Nicolet iS10<\/strong>\n<ul>\n<li>Analysis of small particle defects<\/li>\n<li>Quality control<\/li>\n<li>Material engineering<\/li>\n<li>Contamination identification<\/li>\n<li>Analysis of paints, inks, varnishes, packaging, pharmaceuticals, microelectronics, coatings, pigments, cosmetics, fiber, paper chemistry<\/li>\n<li>Identification of chemical compounds, functional groups in tested samples (polymers, proteins, polyelectrolyte films, drug chemical compositions, drug chemical structures)<\/li>\n<\/ul>\n<\/li>\n<li><strong>Ellipsometer ep4<\/strong>\n<ul>\n<li>Determination of thin film thickness and selected optical parameters (e.g., refractive index and light absorption) on SiO2 substrates<\/li>\n<li>Study of amphiphilic molecules, proteins, drugs, extracts, DNA, nanoparticles, etc., at the air-water interface<\/li>\n<li>Spectroscopic ellipsometry on small optical fibers and waveguides with lateral resolution up to 1\u00b5m<\/li>\n<li>Precise measurement of refractive index on waveguides, vertical walls, and fiber ends with a relative refractive index difference &lt; 0.001<\/li>\n<\/ul>\n<\/li>\n<li><strong>Quartz Crystal Microbalance QCM-D<\/strong>\n<ul>\n<li>Studies of lipid, protein, surfactant, nanoparticle, polymer, and cell adsorption on solid surfaces (silicon, gold)<\/li>\n<li>Determination of the mass and thickness of adsorbed substances, determination of viscoelastic coefficients<\/li>\n<li>Studies of adsorption, desorption, binding, degradation, swelling, cross-linking of deposited materials<\/li>\n<\/ul>\n<\/li>\n<\/ul>\n<p><strong><a href=\"https:\/\/ikifp.edu.pl\/en\/user\/lilianna+szyk-warszynska\/\">Dr. Eng. Lilianna Szyk-Warszy\u0144ska<\/a><\/strong><\/p>\n<p>&nbsp;<\/p>\n<h3><a href=\"https:\/\/ikifp.edu.pl\/en\/structure\/research-groups\/interfacial-interactions-in-dispersed-systems\/\"><strong>Research Group on Interfacial Interactions in Dispersed Systems<\/strong><\/a><\/h3>\n<p>The research group offers the following services:<\/p>\n<ul>\n<li>Measurements of equilibrium and dynamic contact angles to determine the hydrophilic-hydrophobic properties of solid surfaces (hysteresis, surface free energy, etc.) \u2013 DataPhysics OCA15EC apparatus<\/li>\n<li>Measurements of equilibrium and dynamic surface (interfacial) tensions on liquid phase boundaries by drop\/bubble shape analysis (monitoring adsorption\/desorption kinetics on interfacial surfaces, determination of diffusion constants, rheological properties) \u2013 SInterface PAT-1 apparatus<\/li>\n<li>Foam property measurements \u2013 determination of solution foaming ability and foam stability analysis \u2013 Kr\u00fcss DFA100 apparatus<\/li>\n<li>Thin film stability studies using interferometric method (foam films, wetting films)<\/li>\n<\/ul>\n<p><strong><a href=\"https:\/\/ikifp.edu.pl\/en\/user\/jan+zawala\/\">Prof. dr hab. Jan Zawa\u0142a<\/a> \/ <a href=\"https:\/\/ikifp.edu.pl\/en\/user\/dominik+kosior\/\">Dr. Dominik Kosior<\/a><\/strong><\/p>\n<p>&nbsp;<\/p>\n<p>&nbsp;<\/p>\n<p><strong>Our Clients Include:<\/strong><\/p>\n<p>ABC COLOREX Sp. z o.o., ORLEN Po\u0142udnie S.A., BIGA-STAL Piotr Bicz Sp. jawna, BIOMEX Sp. z o.o., CBRTP S.A., Olimp Laboratories Sp. z o.o., Grupa Azoty, PREVAC Sp. z o.o., BIOMED S.A., Biofarm Sp. z o.o., NGCH sp. z o.o, MICROBE PLUS, Polfarmex S.A., Pa\u0144stwowe Muzeum w O\u015bwi\u0119cimiu.<\/p>\n<p>&nbsp;<\/p>\n<p>&nbsp;<\/p>\n<p>&nbsp;<\/p>\n<p>&nbsp;<\/p>\n<p>&nbsp;<\/p>\n<p>[\/et_pb_text][\/et_pb_column][\/et_pb_row][\/et_pb_section]<\/p>\n","protected":false},"excerpt":{"rendered":"<p>Services Commercial Services at ICSC PAS The Jerzy Haber Institute of Catalysis and Surface Chemistry, Polish Academy of Sciences, provides services as part of external contracts, in cooperation with the scientific community and industrial partners in Poland and abroad. We offer comprehensive, professional services including consultations and analysis of samples provided by external partners, as [&hellip;]<\/p>\n","protected":false},"author":6,"featured_media":0,"parent":4938,"menu_order":0,"comment_status":"closed","ping_status":"closed","template":"","meta":{"_et_pb_use_builder":"on","_et_pb_old_content":"","_et_gb_content_width":""},"acf":[],"yoast_head":"<!-- This site is optimized with the Yoast SEO plugin v17.9 - https:\/\/yoast.com\/wordpress\/plugins\/seo\/ -->\n<title>Services - IKiFP PAN<\/title>\n<meta name=\"robots\" content=\"index, follow, max-snippet:-1, max-image-preview:large, max-video-preview:-1\" \/>\n<link rel=\"canonical\" href=\"https:\/\/ikifp.edu.pl\/en\/cooperation\/services\/\" \/>\n<meta property=\"og:locale\" content=\"en_US\" \/>\n<meta property=\"og:type\" content=\"article\" \/>\n<meta property=\"og:title\" content=\"Services - IKiFP PAN\" \/>\n<meta property=\"og:description\" content=\"Services Commercial Services at ICSC PAS The Jerzy Haber Institute of Catalysis and Surface Chemistry, Polish Academy of Sciences, provides services as part of external contracts, in cooperation with the scientific community and industrial partners in Poland and abroad. We offer comprehensive, professional services including consultations and analysis of samples provided by external partners, as [&hellip;]\" \/>\n<meta property=\"og:url\" content=\"https:\/\/ikifp.edu.pl\/en\/cooperation\/services\/\" \/>\n<meta property=\"og:site_name\" content=\"IKiFP PAN\" \/>\n<meta property=\"article:modified_time\" content=\"2024-05-23T10:18:32+00:00\" \/>\n<meta name=\"twitter:card\" content=\"summary_large_image\" \/>\n<meta name=\"twitter:label1\" content=\"Est. reading time\" \/>\n\t<meta name=\"twitter:data1\" content=\"7 minutes\" \/>\n<script type=\"application\/ld+json\" class=\"yoast-schema-graph\">{\"@context\":\"https:\/\/schema.org\",\"@graph\":[{\"@type\":\"WebSite\",\"@id\":\"https:\/\/ikifp.edu.pl\/#website\",\"url\":\"https:\/\/ikifp.edu.pl\/\",\"name\":\"IKiFP PAN\",\"description\":\"\",\"potentialAction\":[{\"@type\":\"SearchAction\",\"target\":{\"@type\":\"EntryPoint\",\"urlTemplate\":\"https:\/\/ikifp.edu.pl\/?s={search_term_string}\"},\"query-input\":\"required name=search_term_string\"}],\"inLanguage\":\"en-US\"},{\"@type\":\"WebPage\",\"@id\":\"https:\/\/ikifp.edu.pl\/en\/cooperation\/services\/#webpage\",\"url\":\"https:\/\/ikifp.edu.pl\/en\/cooperation\/services\/\",\"name\":\"Services - IKiFP PAN\",\"isPartOf\":{\"@id\":\"https:\/\/ikifp.edu.pl\/#website\"},\"datePublished\":\"2021-05-06T15:18:13+00:00\",\"dateModified\":\"2024-05-23T10:18:32+00:00\",\"breadcrumb\":{\"@id\":\"https:\/\/ikifp.edu.pl\/en\/cooperation\/services\/#breadcrumb\"},\"inLanguage\":\"en-US\",\"potentialAction\":[{\"@type\":\"ReadAction\",\"target\":[\"https:\/\/ikifp.edu.pl\/en\/cooperation\/services\/\"]}]},{\"@type\":\"BreadcrumbList\",\"@id\":\"https:\/\/ikifp.edu.pl\/en\/cooperation\/services\/#breadcrumb\",\"itemListElement\":[{\"@type\":\"ListItem\",\"position\":1,\"name\":\"Strona g\\u0142\\u00f3wna\",\"item\":\"https:\/\/ikifp.edu.pl\/en\/\"},{\"@type\":\"ListItem\",\"position\":2,\"name\":\"Cooperation\",\"item\":\"https:\/\/ikifp.edu.pl\/en\/cooperation\/\"},{\"@type\":\"ListItem\",\"position\":3,\"name\":\"Services\"}]}]}<\/script>\n<!-- \/ Yoast SEO plugin. -->","yoast_head_json":{"title":"Services - IKiFP PAN","robots":{"index":"index","follow":"follow","max-snippet":"max-snippet:-1","max-image-preview":"max-image-preview:large","max-video-preview":"max-video-preview:-1"},"canonical":"https:\/\/ikifp.edu.pl\/en\/cooperation\/services\/","og_locale":"en_US","og_type":"article","og_title":"Services - IKiFP PAN","og_description":"Services Commercial Services at ICSC PAS The Jerzy Haber Institute of Catalysis and Surface Chemistry, Polish Academy of Sciences, provides services as part of external contracts, in cooperation with the scientific community and industrial partners in Poland and abroad. We offer comprehensive, professional services including consultations and analysis of samples provided by external partners, as [&hellip;]","og_url":"https:\/\/ikifp.edu.pl\/en\/cooperation\/services\/","og_site_name":"IKiFP PAN","article_modified_time":"2024-05-23T10:18:32+00:00","twitter_card":"summary_large_image","twitter_misc":{"Est. reading time":"7 minutes"},"schema":{"@context":"https:\/\/schema.org","@graph":[{"@type":"WebSite","@id":"https:\/\/ikifp.edu.pl\/#website","url":"https:\/\/ikifp.edu.pl\/","name":"IKiFP PAN","description":"","potentialAction":[{"@type":"SearchAction","target":{"@type":"EntryPoint","urlTemplate":"https:\/\/ikifp.edu.pl\/?s={search_term_string}"},"query-input":"required name=search_term_string"}],"inLanguage":"en-US"},{"@type":"WebPage","@id":"https:\/\/ikifp.edu.pl\/en\/cooperation\/services\/#webpage","url":"https:\/\/ikifp.edu.pl\/en\/cooperation\/services\/","name":"Services - IKiFP PAN","isPartOf":{"@id":"https:\/\/ikifp.edu.pl\/#website"},"datePublished":"2021-05-06T15:18:13+00:00","dateModified":"2024-05-23T10:18:32+00:00","breadcrumb":{"@id":"https:\/\/ikifp.edu.pl\/en\/cooperation\/services\/#breadcrumb"},"inLanguage":"en-US","potentialAction":[{"@type":"ReadAction","target":["https:\/\/ikifp.edu.pl\/en\/cooperation\/services\/"]}]},{"@type":"BreadcrumbList","@id":"https:\/\/ikifp.edu.pl\/en\/cooperation\/services\/#breadcrumb","itemListElement":[{"@type":"ListItem","position":1,"name":"Strona g\u0142\u00f3wna","item":"https:\/\/ikifp.edu.pl\/en\/"},{"@type":"ListItem","position":2,"name":"Cooperation","item":"https:\/\/ikifp.edu.pl\/en\/cooperation\/"},{"@type":"ListItem","position":3,"name":"Services"}]}]}},"_links":{"self":[{"href":"https:\/\/ikifp.edu.pl\/en\/wp-json\/wp\/v2\/pages\/5046"}],"collection":[{"href":"https:\/\/ikifp.edu.pl\/en\/wp-json\/wp\/v2\/pages"}],"about":[{"href":"https:\/\/ikifp.edu.pl\/en\/wp-json\/wp\/v2\/types\/page"}],"author":[{"embeddable":true,"href":"https:\/\/ikifp.edu.pl\/en\/wp-json\/wp\/v2\/users\/6"}],"replies":[{"embeddable":true,"href":"https:\/\/ikifp.edu.pl\/en\/wp-json\/wp\/v2\/comments?post=5046"}],"version-history":[{"count":13,"href":"https:\/\/ikifp.edu.pl\/en\/wp-json\/wp\/v2\/pages\/5046\/revisions"}],"predecessor-version":[{"id":14666,"href":"https:\/\/ikifp.edu.pl\/en\/wp-json\/wp\/v2\/pages\/5046\/revisions\/14666"}],"up":[{"embeddable":true,"href":"https:\/\/ikifp.edu.pl\/en\/wp-json\/wp\/v2\/pages\/4938"}],"wp:attachment":[{"href":"https:\/\/ikifp.edu.pl\/en\/wp-json\/wp\/v2\/media?parent=5046"}],"curies":[{"name":"wp","href":"https:\/\/api.w.org\/{rel}","templated":true}]}}